{"id":2971,"date":"2024-01-11T08:09:22","date_gmt":"2024-01-11T07:09:22","guid":{"rendered":"https:\/\/valleswork.com\/tarifas\/"},"modified":"2026-01-22T12:44:51","modified_gmt":"2026-01-22T11:44:51","slug":"tarifas","status":"publish","type":"page","link":"https:\/\/valleswork.com\/es\/tarifas\/","title":{"rendered":"Tarifas Espacio C\u00e8ntric"},"content":{"rendered":"\t\t<div data-elementor-type=\"wp-page\" data-elementor-id=\"2971\" class=\"elementor elementor-2971 elementor-2544\" data-elementor-post-type=\"page\">\n\t\t\t\t<div class=\"elementor-element elementor-element-705fbdf e-flex e-con-boxed wpr-particle-no wpr-jarallax-no wpr-parallax-no wpr-sticky-section-no e-con e-parent\" data-id=\"705fbdf\" data-element_type=\"container\">\n\t\t\t\t\t<div class=\"e-con-inner\">\n\t\t<div class=\"elementor-element elementor-element-d38126b e-con-full e-flex wpr-particle-no wpr-jarallax-no wpr-parallax-no wpr-sticky-section-no e-con e-child\" data-id=\"d38126b\" data-element_type=\"container\">\n\t\t\t\t<div class=\"elementor-element elementor-element-19f85e0 elementor-widget elementor-widget-heading\" data-id=\"19f85e0\" data-element_type=\"widget\" data-widget_type=\"heading.default\">\n\t\t\t\t<div class=\"elementor-widget-container\">\n\t\t\t\t\t<h1 class=\"elementor-heading-title elementor-size-default\">Tarifas <br><span style=\"color: #336799\">Espacio C\u00e8ntric<\/span><\/h1>\t\t\t\t<\/div>\n\t\t\t\t<\/div>\n\t\t\t\t<\/div>\n\t\t\t\t\t<\/div>\n\t\t\t\t<\/div>\n\t\t<div class=\"elementor-element elementor-element-07ed073 e-flex e-con-boxed wpr-particle-no wpr-jarallax-no wpr-parallax-no wpr-sticky-section-no e-con e-parent\" data-id=\"07ed073\" data-element_type=\"container\">\n\t\t\t\t\t<div class=\"e-con-inner\">\n\t\t\t\t<div class=\"elementor-element elementor-element-526edad elementor-widget__width-inherit elementor-widget elementor-widget-text-editor\" data-id=\"526edad\" data-element_type=\"widget\" data-widget_type=\"text-editor.default\">\n\t\t\t\t<div class=\"elementor-widget-container\">\n\t\t\t\t\t\t\t\t\t<table width=\"800\"><tbody><tr><td width=\"385\"><strong>MESA EN ESPACIO COWORKING<\/strong><\/td><td width=\"229\">150,00 \u20ac \/ mes<\/td><\/tr><tr><td width=\"385\"><strong>MESA EN ESPACIO COWORKING PLUS<\/strong><\/td><td width=\"229\">200,00 \u20ac \/ mes<\/td><\/tr><tr><td width=\"385\"><strong>OFICINA VIRTUAL<\/strong><\/td><td width=\"229\">30,00 \u20ac \/ mes<\/td><\/tr><tr><td width=\"385\"><strong>BOX REUNIONES 4 PAX<\/strong><\/td><td width=\"229\">10,00 \u20ac \/ hora<\/td><\/tr><tr><td width=\"385\"><strong>SALA DE REUNIONES 20 PAX<\/strong><\/td><td width=\"229\">25,00 \u20ac \/ hora<\/td><\/tr><tr><td width=\"385\"><strong>PASE DIARIO MESA COWORKING<\/strong><\/td><td width=\"229\">15,00 \u20ac \/ d\u00eda<\/td><\/tr><tr><td width=\"385\"><strong>BONO 10 D\u00cdAS MESA COWORKING<\/strong><\/td><td width=\"229\">100,00 \u20ac \/ 10 d\u00edas<\/td><\/tr><tr><td width=\"385\"><strong>BONO HORAS BOX 4 PAX<\/strong><\/td><td width=\"229\">160,00 \u20ac \/ 20 horas<\/td><\/tr><tr><td width=\"385\"><strong>PASE DIARIO BOX 4 PAX<\/strong><\/td><td width=\"229\">60,00 \u20ac \/ d\u00eda<\/td><\/tr><tr><td width=\"385\"><strong>BONO HORAS SALA REUNIONES 20 PAX<\/strong><\/td><td width=\"229\">400,00 \u20ac \/ 20 horas<\/td><\/tr><\/tbody><\/table>\t\t\t\t\t\t\t\t<\/div>\n\t\t\t\t<\/div>\n\t\t\t\t\t<\/div>\n\t\t\t\t<\/div>\n\t\t\t\t<\/div>\n\t\t","protected":false},"excerpt":{"rendered":"<p>Tarifas Espacio C\u00e8ntric MESA EN ESPACIO COWORKING 150,00 \u20ac \/ mes MESA EN ESPACIO COWORKING PLUS 200,00 \u20ac \/ mes OFICINA VIRTUAL 30,00 \u20ac \/ mes BOX REUNIONES 4 PAX 10,00 \u20ac \/ hora SALA DE REUNIONES 20 PAX 25,00 \u20ac \/ hora PASE DIARIO MESA COWORKING 15,00 \u20ac \/ d\u00eda BONO 10 D\u00cdAS MESA COWORKING 100,00 \u20ac \/ 10 d\u00edas BONO HORAS BOX 4 PAX 160,00 \u20ac \/ 20 horas PASE DIARIO BOX 4 PAX 60,00 \u20ac \/ d\u00eda BONO HORAS SALA REUNIONES 20 PAX 400,00 \u20ac \/ 20 horas<\/p>\n","protected":false},"author":2,"featured_media":0,"parent":0,"menu_order":0,"comment_status":"closed","ping_status":"closed","template":"","meta":{"footnotes":""},"class_list":["post-2971","page","type-page","status-publish","hentry"],"yoast_head":"<!-- This site is optimized with the Yoast SEO plugin v26.8 - https:\/\/yoast.com\/product\/yoast-seo-wordpress\/ -->\n<title>Tarifas Espacio C\u00e8ntric - Vall\u00e8s Work<\/title>\n<meta name=\"robots\" content=\"index, follow, max-snippet:-1, max-image-preview:large, max-video-preview:-1\" \/>\n<link rel=\"canonical\" href=\"https:\/\/valleswork.com\/es\/tarifas\/\" \/>\n<meta property=\"og:locale\" content=\"es_ES\" \/>\n<meta property=\"og:type\" content=\"article\" \/>\n<meta property=\"og:title\" content=\"Tarifas Espacio C\u00e8ntric - Vall\u00e8s Work\" \/>\n<meta property=\"og:description\" content=\"Tarifas Espacio C\u00e8ntric MESA EN ESPACIO COWORKING 150,00 \u20ac \/ mes MESA EN ESPACIO COWORKING PLUS 200,00 \u20ac \/ mes OFICINA VIRTUAL 30,00 \u20ac \/ mes BOX REUNIONES 4 PAX 10,00 \u20ac \/ hora SALA DE REUNIONES 20 PAX 25,00 \u20ac \/ hora PASE DIARIO MESA COWORKING 15,00 \u20ac \/ d\u00eda BONO 10 D\u00cdAS MESA COWORKING 100,00 \u20ac \/ 10 d\u00edas BONO HORAS BOX 4 PAX 160,00 \u20ac \/ 20 horas PASE DIARIO BOX 4 PAX 60,00 \u20ac \/ d\u00eda BONO HORAS SALA REUNIONES 20 PAX 400,00 \u20ac \/ 20 horas\" \/>\n<meta property=\"og:url\" content=\"https:\/\/valleswork.com\/es\/tarifas\/\" \/>\n<meta property=\"og:site_name\" content=\"Vall\u00e8s Work\" \/>\n<meta property=\"article:publisher\" content=\"https:\/\/www.facebook.com\/valleswork\/\" \/>\n<meta property=\"article:modified_time\" content=\"2026-01-22T11:44:51+00:00\" \/>\n<meta name=\"twitter:card\" content=\"summary_large_image\" \/>\n<script type=\"application\/ld+json\" class=\"yoast-schema-graph\">{\"@context\":\"https:\/\/schema.org\",\"@graph\":[{\"@type\":\"WebPage\",\"@id\":\"https:\/\/valleswork.com\/es\/tarifas\/\",\"url\":\"https:\/\/valleswork.com\/es\/tarifas\/\",\"name\":\"Tarifas Espacio C\u00e8ntric - Vall\u00e8s Work\",\"isPartOf\":{\"@id\":\"https:\/\/valleswork.com\/es\/#website\"},\"datePublished\":\"2024-01-11T07:09:22+00:00\",\"dateModified\":\"2026-01-22T11:44:51+00:00\",\"breadcrumb\":{\"@id\":\"https:\/\/valleswork.com\/es\/tarifas\/#breadcrumb\"},\"inLanguage\":\"es\",\"potentialAction\":[{\"@type\":\"ReadAction\",\"target\":[\"https:\/\/valleswork.com\/es\/tarifas\/\"]}]},{\"@type\":\"BreadcrumbList\",\"@id\":\"https:\/\/valleswork.com\/es\/tarifas\/#breadcrumb\",\"itemListElement\":[{\"@type\":\"ListItem\",\"position\":1,\"name\":\"Inici\",\"item\":\"https:\/\/valleswork.com\/es\/home\/\"},{\"@type\":\"ListItem\",\"position\":2,\"name\":\"Tarifas Espacio C\u00e8ntric\"}]},{\"@type\":\"WebSite\",\"@id\":\"https:\/\/valleswork.com\/es\/#website\",\"url\":\"https:\/\/valleswork.com\/es\/\",\"name\":\"Vall\u00e8s Work\",\"description\":\"Espais de treball, coworking i negocis\",\"publisher\":{\"@id\":\"https:\/\/valleswork.com\/es\/#organization\"},\"potentialAction\":[{\"@type\":\"SearchAction\",\"target\":{\"@type\":\"EntryPoint\",\"urlTemplate\":\"https:\/\/valleswork.com\/es\/?s={search_term_string}\"},\"query-input\":{\"@type\":\"PropertyValueSpecification\",\"valueRequired\":true,\"valueName\":\"search_term_string\"}}],\"inLanguage\":\"es\"},{\"@type\":\"Organization\",\"@id\":\"https:\/\/valleswork.com\/es\/#organization\",\"name\":\"Vall\u00e8s Work\",\"url\":\"https:\/\/valleswork.com\/es\/\",\"logo\":{\"@type\":\"ImageObject\",\"inLanguage\":\"es\",\"@id\":\"https:\/\/valleswork.com\/es\/#\/schema\/logo\/image\/\",\"url\":\"https:\/\/valleswork.com\/wp-content\/uploads\/2023\/11\/valleswork-logotip.jpg\",\"contentUrl\":\"https:\/\/valleswork.com\/wp-content\/uploads\/2023\/11\/valleswork-logotip.jpg\",\"width\":553,\"height\":123,\"caption\":\"Vall\u00e8s Work\"},\"image\":{\"@id\":\"https:\/\/valleswork.com\/es\/#\/schema\/logo\/image\/\"},\"sameAs\":[\"https:\/\/www.facebook.com\/valleswork\/\",\"https:\/\/www.linkedin.com\/company\/valleswork\/\",\"https:\/\/www.instagram.com\/centricsbd\/\"]}]}<\/script>\n<!-- \/ Yoast SEO plugin. -->","yoast_head_json":{"title":"Tarifas Espacio C\u00e8ntric - Vall\u00e8s Work","robots":{"index":"index","follow":"follow","max-snippet":"max-snippet:-1","max-image-preview":"max-image-preview:large","max-video-preview":"max-video-preview:-1"},"canonical":"https:\/\/valleswork.com\/es\/tarifas\/","og_locale":"es_ES","og_type":"article","og_title":"Tarifas Espacio C\u00e8ntric - Vall\u00e8s Work","og_description":"Tarifas Espacio C\u00e8ntric MESA EN ESPACIO COWORKING 150,00 \u20ac \/ mes MESA EN ESPACIO COWORKING PLUS 200,00 \u20ac \/ mes OFICINA VIRTUAL 30,00 \u20ac \/ mes BOX REUNIONES 4 PAX 10,00 \u20ac \/ hora SALA DE REUNIONES 20 PAX 25,00 \u20ac \/ hora PASE DIARIO MESA COWORKING 15,00 \u20ac \/ d\u00eda BONO 10 D\u00cdAS MESA COWORKING 100,00 \u20ac \/ 10 d\u00edas BONO HORAS BOX 4 PAX 160,00 \u20ac \/ 20 horas PASE DIARIO BOX 4 PAX 60,00 \u20ac \/ d\u00eda BONO HORAS SALA REUNIONES 20 PAX 400,00 \u20ac \/ 20 horas","og_url":"https:\/\/valleswork.com\/es\/tarifas\/","og_site_name":"Vall\u00e8s Work","article_publisher":"https:\/\/www.facebook.com\/valleswork\/","article_modified_time":"2026-01-22T11:44:51+00:00","twitter_card":"summary_large_image","schema":{"@context":"https:\/\/schema.org","@graph":[{"@type":"WebPage","@id":"https:\/\/valleswork.com\/es\/tarifas\/","url":"https:\/\/valleswork.com\/es\/tarifas\/","name":"Tarifas Espacio C\u00e8ntric - Vall\u00e8s Work","isPartOf":{"@id":"https:\/\/valleswork.com\/es\/#website"},"datePublished":"2024-01-11T07:09:22+00:00","dateModified":"2026-01-22T11:44:51+00:00","breadcrumb":{"@id":"https:\/\/valleswork.com\/es\/tarifas\/#breadcrumb"},"inLanguage":"es","potentialAction":[{"@type":"ReadAction","target":["https:\/\/valleswork.com\/es\/tarifas\/"]}]},{"@type":"BreadcrumbList","@id":"https:\/\/valleswork.com\/es\/tarifas\/#breadcrumb","itemListElement":[{"@type":"ListItem","position":1,"name":"Inici","item":"https:\/\/valleswork.com\/es\/home\/"},{"@type":"ListItem","position":2,"name":"Tarifas Espacio C\u00e8ntric"}]},{"@type":"WebSite","@id":"https:\/\/valleswork.com\/es\/#website","url":"https:\/\/valleswork.com\/es\/","name":"Vall\u00e8s Work","description":"Espais de treball, coworking i negocis","publisher":{"@id":"https:\/\/valleswork.com\/es\/#organization"},"potentialAction":[{"@type":"SearchAction","target":{"@type":"EntryPoint","urlTemplate":"https:\/\/valleswork.com\/es\/?s={search_term_string}"},"query-input":{"@type":"PropertyValueSpecification","valueRequired":true,"valueName":"search_term_string"}}],"inLanguage":"es"},{"@type":"Organization","@id":"https:\/\/valleswork.com\/es\/#organization","name":"Vall\u00e8s Work","url":"https:\/\/valleswork.com\/es\/","logo":{"@type":"ImageObject","inLanguage":"es","@id":"https:\/\/valleswork.com\/es\/#\/schema\/logo\/image\/","url":"https:\/\/valleswork.com\/wp-content\/uploads\/2023\/11\/valleswork-logotip.jpg","contentUrl":"https:\/\/valleswork.com\/wp-content\/uploads\/2023\/11\/valleswork-logotip.jpg","width":553,"height":123,"caption":"Vall\u00e8s Work"},"image":{"@id":"https:\/\/valleswork.com\/es\/#\/schema\/logo\/image\/"},"sameAs":["https:\/\/www.facebook.com\/valleswork\/","https:\/\/www.linkedin.com\/company\/valleswork\/","https:\/\/www.instagram.com\/centricsbd\/"]}]}},"_links":{"self":[{"href":"https:\/\/valleswork.com\/es\/wp-json\/wp\/v2\/pages\/2971","targetHints":{"allow":["GET"]}}],"collection":[{"href":"https:\/\/valleswork.com\/es\/wp-json\/wp\/v2\/pages"}],"about":[{"href":"https:\/\/valleswork.com\/es\/wp-json\/wp\/v2\/types\/page"}],"author":[{"embeddable":true,"href":"https:\/\/valleswork.com\/es\/wp-json\/wp\/v2\/users\/2"}],"replies":[{"embeddable":true,"href":"https:\/\/valleswork.com\/es\/wp-json\/wp\/v2\/comments?post=2971"}],"version-history":[{"count":4,"href":"https:\/\/valleswork.com\/es\/wp-json\/wp\/v2\/pages\/2971\/revisions"}],"predecessor-version":[{"id":3504,"href":"https:\/\/valleswork.com\/es\/wp-json\/wp\/v2\/pages\/2971\/revisions\/3504"}],"wp:attachment":[{"href":"https:\/\/valleswork.com\/es\/wp-json\/wp\/v2\/media?parent=2971"}],"curies":[{"name":"wp","href":"https:\/\/api.w.org\/{rel}","templated":true}]}}