{"id":3143,"date":"2023-11-06T16:21:20","date_gmt":"2023-11-06T15:21:20","guid":{"rendered":"https:\/\/valleswork.com\/politica-de-privacidad\/"},"modified":"2024-01-31T13:01:49","modified_gmt":"2024-01-31T12:01:49","slug":"politica-de-privacidad","status":"publish","type":"page","link":"https:\/\/valleswork.com\/es\/politica-de-privacidad\/","title":{"rendered":"Pol\u00edtica de privacidad"},"content":{"rendered":"\t\t<div data-elementor-type=\"wp-page\" data-elementor-id=\"3143\" class=\"elementor elementor-3143 elementor-2080\" data-elementor-post-type=\"page\">\n\t\t\t\t<div class=\"elementor-element elementor-element-54e6c90 e-flex e-con-boxed wpr-particle-no wpr-jarallax-no wpr-parallax-no wpr-sticky-section-no e-con e-parent\" data-id=\"54e6c90\" data-element_type=\"container\">\n\t\t\t\t\t<div class=\"e-con-inner\">\n\t\t\t\t<div class=\"elementor-element elementor-element-dedc27d elementor-widget elementor-widget-heading\" data-id=\"dedc27d\" data-element_type=\"widget\" data-widget_type=\"heading.default\">\n\t\t\t\t<div class=\"elementor-widget-container\">\n\t\t\t\t\t<h1 class=\"elementor-heading-title elementor-size-default\">Pol\u00edtica de privacidad<\/h1>\t\t\t\t<\/div>\n\t\t\t\t<\/div>\n\t\t\t\t<div class=\"elementor-element elementor-element-68feacd elementor-widget elementor-widget-text-editor\" data-id=\"68feacd\" data-element_type=\"widget\" data-widget_type=\"text-editor.default\">\n\t\t\t\t<div class=\"elementor-widget-container\">\n\t\t\t\t\t\t\t\t\t<h3>Responsable<\/h3>\n<p>VITACA SERVEIS INTEGRATS S.L.U. \u2013 B65942146<\/p>\n<h3>Finalidad<\/h3>\n<p>Poder gestionar tu solicitud de contacto.<\/p>\n<h3>Legitimaci\u00f3n<\/h3>\n<p>Si aceptas la pol\u00edtica de privacidad nos das consentimiento para el tratamiento de los datos personales que nos informas.<\/p>\n<h3>Destinatarios<\/h3>\n<p>Los datos suministrados quedar\u00e1n almacenados en los servidores necesarios para el funcionamiento de esta web, como servidores de hosting y de mail, cumpliendo todas las leyes de protecci\u00f3n de datos de la UE, con el fin de poder gestionar tu solicitud.<\/p>\n<h3>Derechos<\/h3>\n<p>Tus datos son tuyos, puedes acceder a ellos, rectificarlos o suprimirlos, dirigiendo su solicitud a la siguiente direcci\u00f3n: \u00c0ngel Guimer\u00e0, 25 Entresuelo \u2013 08201 \u2013 Sabadell \u2013 BCN, o bien por correo electr\u00f3nico al direcci\u00f3n <a href=\"mailto:info@valleswork.com\">info@valleswork.com<\/a><\/p>\n\t\t\t\t\t\t\t\t<\/div>\n\t\t\t\t<\/div>\n\t\t\t\t\t<\/div>\n\t\t\t\t<\/div>\n\t\t\t\t<\/div>\n\t\t","protected":false},"excerpt":{"rendered":"<p>Responsable VITACA SERVEIS INTEGRATS S.L.U. \u2013 B65942146 Finalidad Poder gestionar tu solicitud de contacto. Legitimaci\u00f3n Si aceptas la pol\u00edtica de privacidad nos das consentimiento para el tratamiento de los datos personales que nos informas. Destinatarios Los datos suministrados quedar\u00e1n almacenados en los servidores necesarios para el funcionamiento de esta web, como servidores de hosting y de mail, cumpliendo todas las leyes de protecci\u00f3n de datos de la UE, con el fin de poder gestionar tu solicitud. Derechos Tus datos son tuyos, puedes acceder a ellos, rectificarlos o suprimirlos, dirigiendo su solicitud a la siguiente direcci\u00f3n: \u00c0ngel Guimer\u00e0, 25 Entresuelo \u2013 08201 \u2013 Sabadell \u2013 BCN, o bien por correo electr\u00f3nico al direcci\u00f3n info@valleswork.com<\/p>\n","protected":false},"author":2,"featured_media":0,"parent":0,"menu_order":0,"comment_status":"closed","ping_status":"closed","template":"","meta":{"footnotes":""},"class_list":["post-3143","page","type-page","status-publish","hentry"],"yoast_head":"<!-- This site is optimized with the Yoast SEO plugin v26.8 - https:\/\/yoast.com\/product\/yoast-seo-wordpress\/ -->\n<title>Pol\u00edtica de privacidad - Vall\u00e8s Work<\/title>\n<meta name=\"robots\" content=\"index, follow, max-snippet:-1, max-image-preview:large, max-video-preview:-1\" \/>\n<link rel=\"canonical\" href=\"https:\/\/valleswork.com\/es\/politica-de-privacidad\/\" \/>\n<meta property=\"og:locale\" content=\"es_ES\" \/>\n<meta property=\"og:type\" content=\"article\" \/>\n<meta property=\"og:title\" content=\"Pol\u00edtica de privacidad - Vall\u00e8s Work\" \/>\n<meta property=\"og:description\" content=\"Responsable VITACA SERVEIS INTEGRATS S.L.U. \u2013 B65942146 Finalidad Poder gestionar tu solicitud de contacto. Legitimaci\u00f3n Si aceptas la pol\u00edtica de privacidad nos das consentimiento para el tratamiento de los datos personales que nos informas. Destinatarios Los datos suministrados quedar\u00e1n almacenados en los servidores necesarios para el funcionamiento de esta web, como servidores de hosting y de mail, cumpliendo todas las leyes de protecci\u00f3n de datos de la UE, con el fin de poder gestionar tu solicitud. Derechos Tus datos son tuyos, puedes acceder a ellos, rectificarlos o suprimirlos, dirigiendo su solicitud a la siguiente direcci\u00f3n: \u00c0ngel Guimer\u00e0, 25 Entresuelo \u2013 08201 \u2013 Sabadell \u2013 BCN, o bien por correo electr\u00f3nico al direcci\u00f3n info@valleswork.com\" \/>\n<meta property=\"og:url\" content=\"https:\/\/valleswork.com\/es\/politica-de-privacidad\/\" \/>\n<meta property=\"og:site_name\" content=\"Vall\u00e8s Work\" \/>\n<meta property=\"article:publisher\" content=\"https:\/\/www.facebook.com\/valleswork\/\" \/>\n<meta property=\"article:modified_time\" content=\"2024-01-31T12:01:49+00:00\" \/>\n<meta name=\"twitter:card\" content=\"summary_large_image\" \/>\n<meta name=\"twitter:label1\" content=\"Tiempo de lectura\" \/>\n\t<meta name=\"twitter:data1\" content=\"1 minuto\" \/>\n<script type=\"application\/ld+json\" class=\"yoast-schema-graph\">{\"@context\":\"https:\/\/schema.org\",\"@graph\":[{\"@type\":\"WebPage\",\"@id\":\"https:\/\/valleswork.com\/es\/politica-de-privacidad\/\",\"url\":\"https:\/\/valleswork.com\/es\/politica-de-privacidad\/\",\"name\":\"Pol\u00edtica de privacidad - Vall\u00e8s Work\",\"isPartOf\":{\"@id\":\"https:\/\/valleswork.com\/es\/#website\"},\"datePublished\":\"2023-11-06T15:21:20+00:00\",\"dateModified\":\"2024-01-31T12:01:49+00:00\",\"breadcrumb\":{\"@id\":\"https:\/\/valleswork.com\/es\/politica-de-privacidad\/#breadcrumb\"},\"inLanguage\":\"es\",\"potentialAction\":[{\"@type\":\"ReadAction\",\"target\":[\"https:\/\/valleswork.com\/es\/politica-de-privacidad\/\"]}]},{\"@type\":\"BreadcrumbList\",\"@id\":\"https:\/\/valleswork.com\/es\/politica-de-privacidad\/#breadcrumb\",\"itemListElement\":[{\"@type\":\"ListItem\",\"position\":1,\"name\":\"Inici\",\"item\":\"https:\/\/valleswork.com\/es\/home\/\"},{\"@type\":\"ListItem\",\"position\":2,\"name\":\"Pol\u00edtica de privacidad\"}]},{\"@type\":\"WebSite\",\"@id\":\"https:\/\/valleswork.com\/es\/#website\",\"url\":\"https:\/\/valleswork.com\/es\/\",\"name\":\"Vall\u00e8s Work\",\"description\":\"Espais de treball, coworking i negocis\",\"publisher\":{\"@id\":\"https:\/\/valleswork.com\/es\/#organization\"},\"potentialAction\":[{\"@type\":\"SearchAction\",\"target\":{\"@type\":\"EntryPoint\",\"urlTemplate\":\"https:\/\/valleswork.com\/es\/?s={search_term_string}\"},\"query-input\":{\"@type\":\"PropertyValueSpecification\",\"valueRequired\":true,\"valueName\":\"search_term_string\"}}],\"inLanguage\":\"es\"},{\"@type\":\"Organization\",\"@id\":\"https:\/\/valleswork.com\/es\/#organization\",\"name\":\"Vall\u00e8s Work\",\"url\":\"https:\/\/valleswork.com\/es\/\",\"logo\":{\"@type\":\"ImageObject\",\"inLanguage\":\"es\",\"@id\":\"https:\/\/valleswork.com\/es\/#\/schema\/logo\/image\/\",\"url\":\"https:\/\/valleswork.com\/wp-content\/uploads\/2023\/11\/valleswork-logotip.jpg\",\"contentUrl\":\"https:\/\/valleswork.com\/wp-content\/uploads\/2023\/11\/valleswork-logotip.jpg\",\"width\":553,\"height\":123,\"caption\":\"Vall\u00e8s Work\"},\"image\":{\"@id\":\"https:\/\/valleswork.com\/es\/#\/schema\/logo\/image\/\"},\"sameAs\":[\"https:\/\/www.facebook.com\/valleswork\/\",\"https:\/\/www.linkedin.com\/company\/valleswork\/\",\"https:\/\/www.instagram.com\/centricsbd\/\"]}]}<\/script>\n<!-- \/ Yoast SEO plugin. -->","yoast_head_json":{"title":"Pol\u00edtica de privacidad - Vall\u00e8s Work","robots":{"index":"index","follow":"follow","max-snippet":"max-snippet:-1","max-image-preview":"max-image-preview:large","max-video-preview":"max-video-preview:-1"},"canonical":"https:\/\/valleswork.com\/es\/politica-de-privacidad\/","og_locale":"es_ES","og_type":"article","og_title":"Pol\u00edtica de privacidad - Vall\u00e8s Work","og_description":"Responsable VITACA SERVEIS INTEGRATS S.L.U. \u2013 B65942146 Finalidad Poder gestionar tu solicitud de contacto. Legitimaci\u00f3n Si aceptas la pol\u00edtica de privacidad nos das consentimiento para el tratamiento de los datos personales que nos informas. Destinatarios Los datos suministrados quedar\u00e1n almacenados en los servidores necesarios para el funcionamiento de esta web, como servidores de hosting y de mail, cumpliendo todas las leyes de protecci\u00f3n de datos de la UE, con el fin de poder gestionar tu solicitud. Derechos Tus datos son tuyos, puedes acceder a ellos, rectificarlos o suprimirlos, dirigiendo su solicitud a la siguiente direcci\u00f3n: \u00c0ngel Guimer\u00e0, 25 Entresuelo \u2013 08201 \u2013 Sabadell \u2013 BCN, o bien por correo electr\u00f3nico al direcci\u00f3n info@valleswork.com","og_url":"https:\/\/valleswork.com\/es\/politica-de-privacidad\/","og_site_name":"Vall\u00e8s Work","article_publisher":"https:\/\/www.facebook.com\/valleswork\/","article_modified_time":"2024-01-31T12:01:49+00:00","twitter_card":"summary_large_image","twitter_misc":{"Tiempo de lectura":"1 minuto"},"schema":{"@context":"https:\/\/schema.org","@graph":[{"@type":"WebPage","@id":"https:\/\/valleswork.com\/es\/politica-de-privacidad\/","url":"https:\/\/valleswork.com\/es\/politica-de-privacidad\/","name":"Pol\u00edtica de privacidad - Vall\u00e8s Work","isPartOf":{"@id":"https:\/\/valleswork.com\/es\/#website"},"datePublished":"2023-11-06T15:21:20+00:00","dateModified":"2024-01-31T12:01:49+00:00","breadcrumb":{"@id":"https:\/\/valleswork.com\/es\/politica-de-privacidad\/#breadcrumb"},"inLanguage":"es","potentialAction":[{"@type":"ReadAction","target":["https:\/\/valleswork.com\/es\/politica-de-privacidad\/"]}]},{"@type":"BreadcrumbList","@id":"https:\/\/valleswork.com\/es\/politica-de-privacidad\/#breadcrumb","itemListElement":[{"@type":"ListItem","position":1,"name":"Inici","item":"https:\/\/valleswork.com\/es\/home\/"},{"@type":"ListItem","position":2,"name":"Pol\u00edtica de privacidad"}]},{"@type":"WebSite","@id":"https:\/\/valleswork.com\/es\/#website","url":"https:\/\/valleswork.com\/es\/","name":"Vall\u00e8s Work","description":"Espais de treball, coworking i negocis","publisher":{"@id":"https:\/\/valleswork.com\/es\/#organization"},"potentialAction":[{"@type":"SearchAction","target":{"@type":"EntryPoint","urlTemplate":"https:\/\/valleswork.com\/es\/?s={search_term_string}"},"query-input":{"@type":"PropertyValueSpecification","valueRequired":true,"valueName":"search_term_string"}}],"inLanguage":"es"},{"@type":"Organization","@id":"https:\/\/valleswork.com\/es\/#organization","name":"Vall\u00e8s Work","url":"https:\/\/valleswork.com\/es\/","logo":{"@type":"ImageObject","inLanguage":"es","@id":"https:\/\/valleswork.com\/es\/#\/schema\/logo\/image\/","url":"https:\/\/valleswork.com\/wp-content\/uploads\/2023\/11\/valleswork-logotip.jpg","contentUrl":"https:\/\/valleswork.com\/wp-content\/uploads\/2023\/11\/valleswork-logotip.jpg","width":553,"height":123,"caption":"Vall\u00e8s Work"},"image":{"@id":"https:\/\/valleswork.com\/es\/#\/schema\/logo\/image\/"},"sameAs":["https:\/\/www.facebook.com\/valleswork\/","https:\/\/www.linkedin.com\/company\/valleswork\/","https:\/\/www.instagram.com\/centricsbd\/"]}]}},"_links":{"self":[{"href":"https:\/\/valleswork.com\/es\/wp-json\/wp\/v2\/pages\/3143","targetHints":{"allow":["GET"]}}],"collection":[{"href":"https:\/\/valleswork.com\/es\/wp-json\/wp\/v2\/pages"}],"about":[{"href":"https:\/\/valleswork.com\/es\/wp-json\/wp\/v2\/types\/page"}],"author":[{"embeddable":true,"href":"https:\/\/valleswork.com\/es\/wp-json\/wp\/v2\/users\/2"}],"replies":[{"embeddable":true,"href":"https:\/\/valleswork.com\/es\/wp-json\/wp\/v2\/comments?post=3143"}],"version-history":[{"count":1,"href":"https:\/\/valleswork.com\/es\/wp-json\/wp\/v2\/pages\/3143\/revisions"}],"predecessor-version":[{"id":3144,"href":"https:\/\/valleswork.com\/es\/wp-json\/wp\/v2\/pages\/3143\/revisions\/3144"}],"wp:attachment":[{"href":"https:\/\/valleswork.com\/es\/wp-json\/wp\/v2\/media?parent=3143"}],"curies":[{"name":"wp","href":"https:\/\/api.w.org\/{rel}","templated":true}]}}