{"id":3279,"date":"2024-02-21T08:45:27","date_gmt":"2024-02-21T07:45:27","guid":{"rendered":"https:\/\/valleswork.com\/accesibilidad\/"},"modified":"2024-02-21T09:00:19","modified_gmt":"2024-02-21T08:00:19","slug":"accesibilidad","status":"publish","type":"page","link":"https:\/\/valleswork.com\/es\/accesibilidad\/","title":{"rendered":"Accesibilidad"},"content":{"rendered":"\t\t<div data-elementor-type=\"wp-page\" data-elementor-id=\"3279\" class=\"elementor elementor-3279 elementor-3273\" data-elementor-post-type=\"page\">\n\t\t\t\t<div class=\"elementor-element elementor-element-188c6f5 e-flex e-con-boxed wpr-particle-no wpr-jarallax-no wpr-parallax-no wpr-sticky-section-no e-con e-parent\" data-id=\"188c6f5\" data-element_type=\"container\">\n\t\t\t\t\t<div class=\"e-con-inner\">\n\t\t\t\t<div class=\"elementor-element elementor-element-5ee01f9 elementor-widget elementor-widget-text-editor\" data-id=\"5ee01f9\" data-element_type=\"widget\" data-widget_type=\"text-editor.default\">\n\t\t\t\t<div class=\"elementor-widget-container\">\n\t\t\t\t\t\t\t\t\t<h1>Accesibilidad<\/h1>\n<p>Vall\u00e8s Work se ha comprometido a hacer accesible su sitio web de conformidad con el Real Decreto 1112\/2018, de 7 de septiembre.<\/p>\n<p>La presente declaraci\u00f3n de accesibilidad se aplica a https:\/\/valleswork.com\/<\/p>\n<h2>Situaci\u00f3n de cumplimiento<\/h2>\n<p>Este sitio web es parcialmente conforme con el Real Decreto 1112\/2018, de 7 de septiembre, debido a la carencia de conformidad de los aspectos que se indican a continuaci\u00f3n.<\/p>\n<h2>Contenido no accesible<\/h2>\n<p>El contenido que se recoge a continuaci\u00f3n no es accesible por los siguientes motivos:<\/p>\n<ul>\n<li>Falta de conformidad con el Real Decreto 1112\/2018, de 7 de septiembre, por falta de conformidad de los aspectos que se indican a continuaci\u00f3n.\n<ul>\n<li>Falta parcial del punto descrito en w3.org de Contenido se\u00f1alado con el puntero o que tiene el foco (Condicional) ( https:\/\/www.w3.org\/TR\/WCAG\/#content-on-hover-or-focus )<\/li>\n<li>Falta completa del punto descrito en w3.org de los requisitos de conformidad de las Pautas WCAG (Condicional) en algunas p\u00e1ginas.<\/li>\n<\/ul>\n<\/li>\n<\/ul>\n<h2>Preparaci\u00f3n de la presente declaraci\u00f3n de accesibilidad<\/h2>\n<p>La presente declaraci\u00f3n fue preparada el 21\/02\/2024.<\/p>\n<p>El m\u00e9todo empleado para preparar la declaraci\u00f3n ha sido una autoevaluaci\u00f3n llevada a cabo por el propio organismo.<\/p>\n<p>\u00daltima revisi\u00f3n de la declaraci\u00f3n: 21 de febrero de 2024.<\/p>\n<h2>Observaciones y datos de contacto<\/h2>\n<p>Puedes realizar comunicaciones sobre requisitos de accesibilidad (art\u00edculo 10.2.a) del Real Decreto 1112\/2018, de 7 de septiembre como, por ejemplo:<\/p>\n<ul>\n<li>Informar sobre cualquier posible incumplimiento por parte de este sitio web.<\/li>\n<li>Transmitir otras dificultades de acceso al contenido.<\/li>\n<li>Formular cualquier otra consulta o sugerencia de mejora relativa a la accesibilidad del sitio web.<\/li>\n<\/ul>\n<p>A trav\u00e9s de la siguiente v\u00eda:<\/p>\n<p><strong>Email:<\/strong> info@valleswork.com<\/p>\n<p>Tambi\u00e9n puede solicitar en formato accesible informaci\u00f3n que no cumpla con los requisitos de accesibilidad bien por estar excluida, bien por estar exenta por carga desproporcionada; o <a href=\"https:\/\/sedeminhap.gob.es\/es-ES\/Organos\/SecretariaGeneralTecnica\/Procedimientos\/Paginas\/Default.aspx?IdProcedimiento=1770&amp;p=3\" target=\"_blank\" rel=\"noopener\">formular una queja<\/a> por incumplimiento de los requisitos de accesibilidad.<\/p>\n<h2>Procedimiento de aplicaci\u00f3n<\/h2>\n<p>A trav\u00e9s de este procedimiento podr\u00e1s iniciar una reclamaci\u00f3n para conocer y oponerte a los motivos de la desestimaci\u00f3n de una solicitud de informaci\u00f3n accesible o queja, instar la adopci\u00f3n de las medidas oportunas en caso de no estar de de acuerdo con la decisi\u00f3n adoptada, o exponer las razones por las que se considera que la respuesta no cumple con los requisitos exigidos.<\/p>\n<p><a href=\"https:\/\/sedeminhap.gob.es\/es-ES\/Organos\/SecretariaGeneralTecnica\/Procedimientos\/Paginas\/Default.aspx?IdProcedimiento=1771&amp;p=2\">Enlace al procedimiento de reclamaci\u00f3n<\/a>, que debe dirigir a la Unidad responsable de accesibilidad de este Ministerio, o si la reclamaci\u00f3n es por una actuaci\u00f3n de esta Unidad, al superior jer\u00e1rquico de la misma.<\/p>\n\t\t\t\t\t\t\t\t<\/div>\n\t\t\t\t<\/div>\n\t\t\t\t\t<\/div>\n\t\t\t\t<\/div>\n\t\t\t\t<\/div>\n\t\t","protected":false},"excerpt":{"rendered":"<p>Accesibilidad Vall\u00e8s Work se ha comprometido a hacer accesible su sitio web de conformidad con el Real Decreto 1112\/2018, de 7 de septiembre. La presente declaraci\u00f3n de accesibilidad se aplica a https:\/\/valleswork.com\/ Situaci\u00f3n de cumplimiento Este sitio web es parcialmente conforme con el Real Decreto 1112\/2018, de 7 de septiembre, debido a la carencia de conformidad de los aspectos que se indican a continuaci\u00f3n. Contenido no accesible El contenido que se recoge a continuaci\u00f3n no es accesible por los siguientes motivos: Falta de conformidad con el Real Decreto 1112\/2018, de 7 de septiembre, por falta de conformidad de los aspectos que se indican a continuaci\u00f3n. Falta parcial del punto descrito en w3.org de Contenido se\u00f1alado con el puntero o que tiene el foco (Condicional) ( https:\/\/www.w3.org\/TR\/WCAG\/#content-on-hover-or-focus ) Falta completa del punto descrito en w3.org de los requisitos de conformidad de las Pautas WCAG (Condicional) en algunas p\u00e1ginas. Preparaci\u00f3n de la presente declaraci\u00f3n de accesibilidad La presente declaraci\u00f3n fue preparada el 21\/02\/2024. El m\u00e9todo empleado para preparar la declaraci\u00f3n ha sido una autoevaluaci\u00f3n llevada a cabo por el propio organismo. \u00daltima revisi\u00f3n de la declaraci\u00f3n: 21 de febrero de 2024. Observaciones y datos de contacto Puedes realizar comunicaciones sobre requisitos de accesibilidad (art\u00edculo 10.2.a) del Real Decreto 1112\/2018, de 7 de septiembre como, por ejemplo: Informar sobre cualquier posible incumplimiento por parte de este sitio web. Transmitir otras dificultades de acceso al contenido. Formular cualquier otra consulta o sugerencia de mejora relativa a la accesibilidad del sitio web. A trav\u00e9s de la siguiente v\u00eda: Email: info@valleswork.com Tambi\u00e9n puede solicitar en formato accesible informaci\u00f3n que no cumpla con los requisitos de accesibilidad bien por estar excluida, bien por estar exenta por carga desproporcionada; o formular una queja por incumplimiento de los requisitos de accesibilidad. Procedimiento de aplicaci\u00f3n A trav\u00e9s de este procedimiento podr\u00e1s iniciar una reclamaci\u00f3n para conocer y oponerte a los motivos de la desestimaci\u00f3n de una solicitud de informaci\u00f3n accesible o queja, instar la adopci\u00f3n de las medidas oportunas en caso de no estar de de acuerdo con la decisi\u00f3n adoptada, o exponer las razones por las que se considera que la respuesta no cumple con los requisitos exigidos. Enlace al procedimiento de reclamaci\u00f3n, que debe dirigir a la Unidad responsable de accesibilidad de este Ministerio, o si la reclamaci\u00f3n es por una actuaci\u00f3n de esta Unidad, al superior jer\u00e1rquico de la misma.<\/p>\n","protected":false},"author":2,"featured_media":0,"parent":0,"menu_order":0,"comment_status":"closed","ping_status":"closed","template":"","meta":{"footnotes":""},"class_list":["post-3279","page","type-page","status-publish","hentry"],"yoast_head":"<!-- This site is optimized with the Yoast SEO plugin v26.8 - https:\/\/yoast.com\/product\/yoast-seo-wordpress\/ -->\n<title>Accesibilidad - Vall\u00e8s Work<\/title>\n<meta name=\"robots\" content=\"index, follow, max-snippet:-1, max-image-preview:large, max-video-preview:-1\" \/>\n<link rel=\"canonical\" href=\"https:\/\/valleswork.com\/es\/accesibilidad\/\" \/>\n<meta property=\"og:locale\" content=\"es_ES\" \/>\n<meta property=\"og:type\" content=\"article\" \/>\n<meta property=\"og:title\" content=\"Accesibilidad - Vall\u00e8s Work\" \/>\n<meta property=\"og:description\" content=\"Accesibilidad Vall\u00e8s Work se ha comprometido a hacer accesible su sitio web de conformidad con el Real Decreto 1112\/2018, de 7 de septiembre. La presente declaraci\u00f3n de accesibilidad se aplica a https:\/\/valleswork.com\/ Situaci\u00f3n de cumplimiento Este sitio web es parcialmente conforme con el Real Decreto 1112\/2018, de 7 de septiembre, debido a la carencia de conformidad de los aspectos que se indican a continuaci\u00f3n. Contenido no accesible El contenido que se recoge a continuaci\u00f3n no es accesible por los siguientes motivos: Falta de conformidad con el Real Decreto 1112\/2018, de 7 de septiembre, por falta de conformidad de los aspectos que se indican a continuaci\u00f3n. Falta parcial del punto descrito en w3.org de Contenido se\u00f1alado con el puntero o que tiene el foco (Condicional) ( https:\/\/www.w3.org\/TR\/WCAG\/#content-on-hover-or-focus ) Falta completa del punto descrito en w3.org de los requisitos de conformidad de las Pautas WCAG (Condicional) en algunas p\u00e1ginas. Preparaci\u00f3n de la presente declaraci\u00f3n de accesibilidad La presente declaraci\u00f3n fue preparada el 21\/02\/2024. El m\u00e9todo empleado para preparar la declaraci\u00f3n ha sido una autoevaluaci\u00f3n llevada a cabo por el propio organismo. \u00daltima revisi\u00f3n de la declaraci\u00f3n: 21 de febrero de 2024. Observaciones y datos de contacto Puedes realizar comunicaciones sobre requisitos de accesibilidad (art\u00edculo 10.2.a) del Real Decreto 1112\/2018, de 7 de septiembre como, por ejemplo: Informar sobre cualquier posible incumplimiento por parte de este sitio web. Transmitir otras dificultades de acceso al contenido. Formular cualquier otra consulta o sugerencia de mejora relativa a la accesibilidad del sitio web. A trav\u00e9s de la siguiente v\u00eda: Email: info@valleswork.com Tambi\u00e9n puede solicitar en formato accesible informaci\u00f3n que no cumpla con los requisitos de accesibilidad bien por estar excluida, bien por estar exenta por carga desproporcionada; o formular una queja por incumplimiento de los requisitos de accesibilidad. Procedimiento de aplicaci\u00f3n A trav\u00e9s de este procedimiento podr\u00e1s iniciar una reclamaci\u00f3n para conocer y oponerte a los motivos de la desestimaci\u00f3n de una solicitud de informaci\u00f3n accesible o queja, instar la adopci\u00f3n de las medidas oportunas en caso de no estar de de acuerdo con la decisi\u00f3n adoptada, o exponer las razones por las que se considera que la respuesta no cumple con los requisitos exigidos. Enlace al procedimiento de reclamaci\u00f3n, que debe dirigir a la Unidad responsable de accesibilidad de este Ministerio, o si la reclamaci\u00f3n es por una actuaci\u00f3n de esta Unidad, al superior jer\u00e1rquico de la misma.\" \/>\n<meta property=\"og:url\" content=\"https:\/\/valleswork.com\/es\/accesibilidad\/\" \/>\n<meta property=\"og:site_name\" content=\"Vall\u00e8s Work\" \/>\n<meta property=\"article:publisher\" content=\"https:\/\/www.facebook.com\/valleswork\/\" \/>\n<meta property=\"article:modified_time\" content=\"2024-02-21T08:00:19+00:00\" \/>\n<meta name=\"twitter:card\" content=\"summary_large_image\" \/>\n<meta name=\"twitter:label1\" content=\"Tiempo de lectura\" \/>\n\t<meta name=\"twitter:data1\" content=\"2 minutos\" \/>\n<script type=\"application\/ld+json\" class=\"yoast-schema-graph\">{\"@context\":\"https:\/\/schema.org\",\"@graph\":[{\"@type\":\"WebPage\",\"@id\":\"https:\/\/valleswork.com\/es\/accesibilidad\/\",\"url\":\"https:\/\/valleswork.com\/es\/accesibilidad\/\",\"name\":\"Accesibilidad - Vall\u00e8s Work\",\"isPartOf\":{\"@id\":\"https:\/\/valleswork.com\/es\/#website\"},\"datePublished\":\"2024-02-21T07:45:27+00:00\",\"dateModified\":\"2024-02-21T08:00:19+00:00\",\"breadcrumb\":{\"@id\":\"https:\/\/valleswork.com\/es\/accesibilidad\/#breadcrumb\"},\"inLanguage\":\"es\",\"potentialAction\":[{\"@type\":\"ReadAction\",\"target\":[\"https:\/\/valleswork.com\/es\/accesibilidad\/\"]}]},{\"@type\":\"BreadcrumbList\",\"@id\":\"https:\/\/valleswork.com\/es\/accesibilidad\/#breadcrumb\",\"itemListElement\":[{\"@type\":\"ListItem\",\"position\":1,\"name\":\"Inici\",\"item\":\"https:\/\/valleswork.com\/es\/home\/\"},{\"@type\":\"ListItem\",\"position\":2,\"name\":\"Accesibilidad\"}]},{\"@type\":\"WebSite\",\"@id\":\"https:\/\/valleswork.com\/es\/#website\",\"url\":\"https:\/\/valleswork.com\/es\/\",\"name\":\"Vall\u00e8s Work\",\"description\":\"Espais de treball, coworking i negocis\",\"publisher\":{\"@id\":\"https:\/\/valleswork.com\/es\/#organization\"},\"potentialAction\":[{\"@type\":\"SearchAction\",\"target\":{\"@type\":\"EntryPoint\",\"urlTemplate\":\"https:\/\/valleswork.com\/es\/?s={search_term_string}\"},\"query-input\":{\"@type\":\"PropertyValueSpecification\",\"valueRequired\":true,\"valueName\":\"search_term_string\"}}],\"inLanguage\":\"es\"},{\"@type\":\"Organization\",\"@id\":\"https:\/\/valleswork.com\/es\/#organization\",\"name\":\"Vall\u00e8s Work\",\"url\":\"https:\/\/valleswork.com\/es\/\",\"logo\":{\"@type\":\"ImageObject\",\"inLanguage\":\"es\",\"@id\":\"https:\/\/valleswork.com\/es\/#\/schema\/logo\/image\/\",\"url\":\"https:\/\/valleswork.com\/wp-content\/uploads\/2023\/11\/valleswork-logotip.jpg\",\"contentUrl\":\"https:\/\/valleswork.com\/wp-content\/uploads\/2023\/11\/valleswork-logotip.jpg\",\"width\":553,\"height\":123,\"caption\":\"Vall\u00e8s Work\"},\"image\":{\"@id\":\"https:\/\/valleswork.com\/es\/#\/schema\/logo\/image\/\"},\"sameAs\":[\"https:\/\/www.facebook.com\/valleswork\/\",\"https:\/\/www.linkedin.com\/company\/valleswork\/\",\"https:\/\/www.instagram.com\/centricsbd\/\"]}]}<\/script>\n<!-- \/ Yoast SEO plugin. -->","yoast_head_json":{"title":"Accesibilidad - Vall\u00e8s Work","robots":{"index":"index","follow":"follow","max-snippet":"max-snippet:-1","max-image-preview":"max-image-preview:large","max-video-preview":"max-video-preview:-1"},"canonical":"https:\/\/valleswork.com\/es\/accesibilidad\/","og_locale":"es_ES","og_type":"article","og_title":"Accesibilidad - Vall\u00e8s Work","og_description":"Accesibilidad Vall\u00e8s Work se ha comprometido a hacer accesible su sitio web de conformidad con el Real Decreto 1112\/2018, de 7 de septiembre. La presente declaraci\u00f3n de accesibilidad se aplica a https:\/\/valleswork.com\/ Situaci\u00f3n de cumplimiento Este sitio web es parcialmente conforme con el Real Decreto 1112\/2018, de 7 de septiembre, debido a la carencia de conformidad de los aspectos que se indican a continuaci\u00f3n. Contenido no accesible El contenido que se recoge a continuaci\u00f3n no es accesible por los siguientes motivos: Falta de conformidad con el Real Decreto 1112\/2018, de 7 de septiembre, por falta de conformidad de los aspectos que se indican a continuaci\u00f3n. Falta parcial del punto descrito en w3.org de Contenido se\u00f1alado con el puntero o que tiene el foco (Condicional) ( https:\/\/www.w3.org\/TR\/WCAG\/#content-on-hover-or-focus ) Falta completa del punto descrito en w3.org de los requisitos de conformidad de las Pautas WCAG (Condicional) en algunas p\u00e1ginas. Preparaci\u00f3n de la presente declaraci\u00f3n de accesibilidad La presente declaraci\u00f3n fue preparada el 21\/02\/2024. El m\u00e9todo empleado para preparar la declaraci\u00f3n ha sido una autoevaluaci\u00f3n llevada a cabo por el propio organismo. \u00daltima revisi\u00f3n de la declaraci\u00f3n: 21 de febrero de 2024. Observaciones y datos de contacto Puedes realizar comunicaciones sobre requisitos de accesibilidad (art\u00edculo 10.2.a) del Real Decreto 1112\/2018, de 7 de septiembre como, por ejemplo: Informar sobre cualquier posible incumplimiento por parte de este sitio web. Transmitir otras dificultades de acceso al contenido. Formular cualquier otra consulta o sugerencia de mejora relativa a la accesibilidad del sitio web. A trav\u00e9s de la siguiente v\u00eda: Email: info@valleswork.com Tambi\u00e9n puede solicitar en formato accesible informaci\u00f3n que no cumpla con los requisitos de accesibilidad bien por estar excluida, bien por estar exenta por carga desproporcionada; o formular una queja por incumplimiento de los requisitos de accesibilidad. Procedimiento de aplicaci\u00f3n A trav\u00e9s de este procedimiento podr\u00e1s iniciar una reclamaci\u00f3n para conocer y oponerte a los motivos de la desestimaci\u00f3n de una solicitud de informaci\u00f3n accesible o queja, instar la adopci\u00f3n de las medidas oportunas en caso de no estar de de acuerdo con la decisi\u00f3n adoptada, o exponer las razones por las que se considera que la respuesta no cumple con los requisitos exigidos. Enlace al procedimiento de reclamaci\u00f3n, que debe dirigir a la Unidad responsable de accesibilidad de este Ministerio, o si la reclamaci\u00f3n es por una actuaci\u00f3n de esta Unidad, al superior jer\u00e1rquico de la misma.","og_url":"https:\/\/valleswork.com\/es\/accesibilidad\/","og_site_name":"Vall\u00e8s Work","article_publisher":"https:\/\/www.facebook.com\/valleswork\/","article_modified_time":"2024-02-21T08:00:19+00:00","twitter_card":"summary_large_image","twitter_misc":{"Tiempo de lectura":"2 minutos"},"schema":{"@context":"https:\/\/schema.org","@graph":[{"@type":"WebPage","@id":"https:\/\/valleswork.com\/es\/accesibilidad\/","url":"https:\/\/valleswork.com\/es\/accesibilidad\/","name":"Accesibilidad - Vall\u00e8s Work","isPartOf":{"@id":"https:\/\/valleswork.com\/es\/#website"},"datePublished":"2024-02-21T07:45:27+00:00","dateModified":"2024-02-21T08:00:19+00:00","breadcrumb":{"@id":"https:\/\/valleswork.com\/es\/accesibilidad\/#breadcrumb"},"inLanguage":"es","potentialAction":[{"@type":"ReadAction","target":["https:\/\/valleswork.com\/es\/accesibilidad\/"]}]},{"@type":"BreadcrumbList","@id":"https:\/\/valleswork.com\/es\/accesibilidad\/#breadcrumb","itemListElement":[{"@type":"ListItem","position":1,"name":"Inici","item":"https:\/\/valleswork.com\/es\/home\/"},{"@type":"ListItem","position":2,"name":"Accesibilidad"}]},{"@type":"WebSite","@id":"https:\/\/valleswork.com\/es\/#website","url":"https:\/\/valleswork.com\/es\/","name":"Vall\u00e8s Work","description":"Espais de treball, coworking i negocis","publisher":{"@id":"https:\/\/valleswork.com\/es\/#organization"},"potentialAction":[{"@type":"SearchAction","target":{"@type":"EntryPoint","urlTemplate":"https:\/\/valleswork.com\/es\/?s={search_term_string}"},"query-input":{"@type":"PropertyValueSpecification","valueRequired":true,"valueName":"search_term_string"}}],"inLanguage":"es"},{"@type":"Organization","@id":"https:\/\/valleswork.com\/es\/#organization","name":"Vall\u00e8s Work","url":"https:\/\/valleswork.com\/es\/","logo":{"@type":"ImageObject","inLanguage":"es","@id":"https:\/\/valleswork.com\/es\/#\/schema\/logo\/image\/","url":"https:\/\/valleswork.com\/wp-content\/uploads\/2023\/11\/valleswork-logotip.jpg","contentUrl":"https:\/\/valleswork.com\/wp-content\/uploads\/2023\/11\/valleswork-logotip.jpg","width":553,"height":123,"caption":"Vall\u00e8s Work"},"image":{"@id":"https:\/\/valleswork.com\/es\/#\/schema\/logo\/image\/"},"sameAs":["https:\/\/www.facebook.com\/valleswork\/","https:\/\/www.linkedin.com\/company\/valleswork\/","https:\/\/www.instagram.com\/centricsbd\/"]}]}},"_links":{"self":[{"href":"https:\/\/valleswork.com\/es\/wp-json\/wp\/v2\/pages\/3279","targetHints":{"allow":["GET"]}}],"collection":[{"href":"https:\/\/valleswork.com\/es\/wp-json\/wp\/v2\/pages"}],"about":[{"href":"https:\/\/valleswork.com\/es\/wp-json\/wp\/v2\/types\/page"}],"author":[{"embeddable":true,"href":"https:\/\/valleswork.com\/es\/wp-json\/wp\/v2\/users\/2"}],"replies":[{"embeddable":true,"href":"https:\/\/valleswork.com\/es\/wp-json\/wp\/v2\/comments?post=3279"}],"version-history":[{"count":5,"href":"https:\/\/valleswork.com\/es\/wp-json\/wp\/v2\/pages\/3279\/revisions"}],"predecessor-version":[{"id":3290,"href":"https:\/\/valleswork.com\/es\/wp-json\/wp\/v2\/pages\/3279\/revisions\/3290"}],"wp:attachment":[{"href":"https:\/\/valleswork.com\/es\/wp-json\/wp\/v2\/media?parent=3279"}],"curies":[{"name":"wp","href":"https:\/\/api.w.org\/{rel}","templated":true}]}}